{"id":40,"date":"2017-01-06T12:21:42","date_gmt":"2017-01-06T12:21:42","guid":{"rendered":"https:\/\/wpthemes.themehunk.com\/oneline-lite\/?post_type=product&#038;p=40"},"modified":"2026-01-30T21:36:44","modified_gmt":"2026-01-30T19:36:44","slug":"round-neck-black","status":"publish","type":"product","link":"https:\/\/sitojinter.fr\/index.php\/produit\/round-neck-black\/","title":{"rendered":"Prot\u00e8ge-tibias Muay Thai Kick Boxing"},"content":{"rendered":"<p>Les prot\u00e8ge-tibias Luzbel sont devenus la r\u00e9volution du march\u00e9, totalement innovants par rapport \u00e0 l&rsquo;offre actuelle. Vous pouvez d\u00e9sormais \u00eatre unique dans votre entra\u00eenement en portant les prot\u00e8ge-tibias mexicains, pour les combattants audacieux,<b>\u00a0avec un rapport qualit\u00e9-prix imbattable.<\/b><\/p>\n<ul>\n<li class=\"li1\"><strong><span class=\"s2\">Sp\u00e9cialement con\u00e7us pour le Muay Thai et le Kick boxing.<\/span><\/strong><\/li>\n<li class=\"li1\"><strong><span class=\"s2\">Fabriqu\u00e9s en cuir synth\u00e9tique haute performance : ils sont plus durables et plus faciles \u00e0 nettoyer.<\/span><\/strong><\/li>\n<li class=\"li1\"><span class=\"s2\"><strong>Double syst\u00e8me de fermeture velcro large, am\u00e9liorant l&rsquo;adh\u00e9rence sur la semelle, la cheville et un ajustement parfait pour votre entra\u00eenement<\/strong>.<\/span><\/li>\n<\/ul>\n<p class=\"p1\"><span class=\"s1\">Vous allez adorer les petits d\u00e9tails qui entrent dans la fabrication de ces prot\u00e8ge-tibias. Non seulement ils sont attrayants en termes de design et de prix, mais ils sont \u00e9galement extr\u00eamement performants, \u00e9tant l&rsquo;un des mod\u00e8les les plus r\u00e9ussis de cette saison.<\/span><\/p>\n<h2 class=\"p1\"><strong><span class=\"s1\">Recommand\u00e9s pour les entra\u00eenements difficiles<\/span><\/strong><\/h2>\n<p class=\"p1\"><span class=\"s1\">Con\u00e7us pour les s\u00e9ances d&rsquo;entra\u00eenement difficiles, les prot\u00e8ge-tibias GS-3 utilisent des mat\u00e9riaux de derni\u00e8re g\u00e9n\u00e9ration qui les rendent plus r\u00e9sistants. La mousse triple densit\u00e9 de la GS-3 offre une excellente protection et une grande souplesse pour aider \u00e0 pr\u00e9venir les blessures pendant l&rsquo;entra\u00eenement.<\/span><\/p>\n","protected":false},"excerpt":{"rendered":"<p>Les prot\u00e8ge-tibias Luzbel sont devenus la r\u00e9volution du march\u00e9, totalement innovants par rapport \u00e0 l&rsquo;offre actuelle. Vous pouvez d\u00e9sormais \u00eatre unique dans votre entra\u00eenement en portant les prot\u00e8ge-tibias mexicains, pour les combattants audacieux,\u00a0avec un rapport qualit\u00e9-prix imbattable. Sp\u00e9cialement con\u00e7us pour le Muay Thai et le Kick boxing. Fabriqu\u00e9s en cuir synth\u00e9tique haute performance : ils [&hellip;]<\/p>\n","protected":false},"featured_media":329,"template":"","meta":[],"product_brand":[],"product_cat":[24],"product_tag":[],"class_list":{"0":"post-40","1":"product","2":"type-product","3":"status-publish","4":"has-post-thumbnail","6":"product_cat-uncategorized","8":"first","9":"instock","10":"sale","11":"virtual","12":"purchasable","13":"product-type-simple"},"_links":{"self":[{"href":"https:\/\/sitojinter.fr\/index.php\/wp-json\/wp\/v2\/product\/40","targetHints":{"allow":["GET"]}}],"collection":[{"href":"https:\/\/sitojinter.fr\/index.php\/wp-json\/wp\/v2\/product"}],"about":[{"href":"https:\/\/sitojinter.fr\/index.php\/wp-json\/wp\/v2\/types\/product"}],"wp:featuredmedia":[{"embeddable":true,"href":"https:\/\/sitojinter.fr\/index.php\/wp-json\/wp\/v2\/media\/329"}],"wp:attachment":[{"href":"https:\/\/sitojinter.fr\/index.php\/wp-json\/wp\/v2\/media?parent=40"}],"wp:term":[{"taxonomy":"product_brand","embeddable":true,"href":"https:\/\/sitojinter.fr\/index.php\/wp-json\/wp\/v2\/product_brand?post=40"},{"taxonomy":"product_cat","embeddable":true,"href":"https:\/\/sitojinter.fr\/index.php\/wp-json\/wp\/v2\/product_cat?post=40"},{"taxonomy":"product_tag","embeddable":true,"href":"https:\/\/sitojinter.fr\/index.php\/wp-json\/wp\/v2\/product_tag?post=40"}],"curies":[{"name":"wp","href":"https:\/\/api.w.org\/{rel}","templated":true}]}}