{"id":43,"date":"2017-01-06T12:24:45","date_gmt":"2017-01-06T12:24:45","guid":{"rendered":"https:\/\/wpthemes.themehunk.com\/oneline-lite\/?post_type=product&#038;p=43"},"modified":"2026-01-30T21:36:27","modified_gmt":"2026-01-30T19:36:27","slug":"red-t-shirt","status":"publish","type":"product","link":"https:\/\/sitojinter.fr\/index.php\/produit\/red-t-shirt\/","title":{"rendered":"Sublimation T-shirt Fighter MT650"},"content":{"rendered":"<p>Buddha Fight Wear pr\u00e9sente la nouvelle collection de t-shirts d&rsquo;arts martiaux et de sports de contact, con\u00e7us sp\u00e9cialement pour les amateurs de sports de contact et d&rsquo;arts martiaux tels que la boxe, le MMA, le K1 et le Muay Thai. Ce v\u00eatement, imprim\u00e9 gr\u00e2ce \u00e0 la technologie de la sublimation, garantit une grande r\u00e9sistance au lavage et \u00e0 l&rsquo;usure, en conservant sa qualit\u00e9 et ses couleurs vives au fil du temps.<\/p>\n<p>&#8211; Fabriqu\u00e9 en 100% polyester, ce qui en fait une option l\u00e9g\u00e8re et confortable pour les entra\u00eenements intensifs ou pour arborer le meilleur look urbain &#8211; Ce t-shirt est unisexe, con\u00e7u pour s&rsquo;adapter \u00e0 toutes les morphologies, disponible dans des tailles allant de S \u00e0 XXL, \u00e9tant une taille europ\u00e9enne &#8211; Son traitement sp\u00e9cial en polyester aide \u00e0 pr\u00e9venir les odeurs, \u00e9tant plus frais et plus confortable pour les entra\u00eenements les plus exigeants ou parfait pour l&rsquo;apr\u00e8s-entra\u00eenement &#8211; Des motifs uniques et accrocheurs, ce qui en fait un v\u00eatement tr\u00e8s r\u00e9sistant au lavage et \u00e0 l&rsquo;usure.<br \/>\n&#8211; Ses motifs uniques et accrocheurs sont parfaits pour les combattants, les boxeurs, les pratiquants d&rsquo;arts martiaux et les entra\u00eeneurs qui cherchent \u00e0 se d\u00e9marquer et \u00e0 \u00eatre diff\u00e9rents.<\/p>\n<p>Que vous vous entra\u00eeniez ou que vous pratiquiez un sport de contact, ce t-shirt est le choix id\u00e9al pour rester confortable et \u00e9l\u00e9gant.<\/p>\n","protected":false},"excerpt":{"rendered":"<p>Buddha Fight Wear pr\u00e9sente la nouvelle collection de t-shirts d&rsquo;arts martiaux et de sports de contact, con\u00e7us sp\u00e9cialement pour les amateurs de sports de contact et d&rsquo;arts martiaux tels que la boxe, le MMA, le K1 et le Muay Thai. Ce v\u00eatement, imprim\u00e9 gr\u00e2ce \u00e0 la technologie de la sublimation, garantit une grande r\u00e9sistance au [&hellip;]<\/p>\n","protected":false},"featured_media":326,"template":"","meta":[],"product_brand":[],"product_cat":[27],"product_tag":[],"class_list":{"0":"post-43","1":"product","2":"type-product","3":"status-publish","4":"has-post-thumbnail","6":"product_cat-cloths","8":"first","9":"instock","10":"sale","11":"virtual","12":"purchasable","13":"product-type-simple"},"_links":{"self":[{"href":"https:\/\/sitojinter.fr\/index.php\/wp-json\/wp\/v2\/product\/43","targetHints":{"allow":["GET"]}}],"collection":[{"href":"https:\/\/sitojinter.fr\/index.php\/wp-json\/wp\/v2\/product"}],"about":[{"href":"https:\/\/sitojinter.fr\/index.php\/wp-json\/wp\/v2\/types\/product"}],"wp:featuredmedia":[{"embeddable":true,"href":"https:\/\/sitojinter.fr\/index.php\/wp-json\/wp\/v2\/media\/326"}],"wp:attachment":[{"href":"https:\/\/sitojinter.fr\/index.php\/wp-json\/wp\/v2\/media?parent=43"}],"wp:term":[{"taxonomy":"product_brand","embeddable":true,"href":"https:\/\/sitojinter.fr\/index.php\/wp-json\/wp\/v2\/product_brand?post=43"},{"taxonomy":"product_cat","embeddable":true,"href":"https:\/\/sitojinter.fr\/index.php\/wp-json\/wp\/v2\/product_cat?post=43"},{"taxonomy":"product_tag","embeddable":true,"href":"https:\/\/sitojinter.fr\/index.php\/wp-json\/wp\/v2\/product_tag?post=43"}],"curies":[{"name":"wp","href":"https:\/\/api.w.org\/{rel}","templated":true}]}}