{"id":45,"date":"2017-01-06T12:26:09","date_gmt":"2017-01-06T12:26:09","guid":{"rendered":"https:\/\/wpthemes.themehunk.com\/oneline-lite\/?post_type=product&#038;p=45"},"modified":"2026-01-30T21:36:04","modified_gmt":"2026-01-30T19:36:04","slug":"black-t-shirt","status":"publish","type":"product","link":"https:\/\/sitojinter.fr\/index.php\/produit\/black-t-shirt\/","title":{"rendered":"Gants titane"},"content":{"rendered":"<h2 data-end=\"248\" data-start=\"204\">Gants de boxe Buddha en titane<\/h2>\n<p data-end=\"610\" data-start=\"250\">Les\u00a0<strong data-end=\"287\" data-start=\"254\">gants Buddha Titanium\u00a0<\/strong>repr\u00e9sentent l&rsquo;expression ultime de l&rsquo;\u00e9l\u00e9gance, de la puissance et de la technologie dans un seul et m\u00eame design. Cette version associe un style sobre et professionnel \u00e0 la qualit\u00e9 technique qui caract\u00e9rise la nouvelle ligne Titanium, d\u00e9velopp\u00e9e \u00e0 partir de\u00a0<strong data-end=\"585\" data-start=\"559\">25 ans d&rsquo;exp\u00e9rience<\/strong>\u00a0dans les sports de contact.<\/p>\n<p data-end=\"979\" data-start=\"612\">Fabriqu\u00e9es en\u00a0<strong data-end=\"664\" data-start=\"626\">cuir synth\u00e9tique tr\u00e8s r\u00e9sistant<\/strong>, elles int\u00e8grent de la\u00a0<strong data-end=\"711\" data-start=\"677\">mousse GS-3 triple densit\u00e9<\/strong>, qui offre une excellente absorption des chocs pour prot\u00e9ger les articulations et les poignets pendant les entra\u00eenements intenses de\u00a0<strong data-end=\"862\" data-start=\"828\">boxe, de muay tha\u00ef et de kick boxing<\/strong>. L&rsquo;int\u00e9rieur ergonomique favorise une fermeture naturelle du poing, am\u00e9liorant la technique et r\u00e9duisant le risque de blessure.<\/p>\n<p data-end=\"1193\" data-start=\"981\">Le syst\u00e8me de\u00a0<strong data-end=\"1032\" data-start=\"995\">fermeture velcro large et renforc\u00e9<\/strong>\u00a0assure un maintien ferme, confortable et s\u00fbr, tandis que les perforations sur la paume optimisent la ventilation pour un plus grand confort lors des s\u00e9ances prolong\u00e9es.<\/p>\n<p data-end=\"1360\" data-start=\"1195\">Disponible en\u00a0<strong data-end=\"1241\" data-start=\"1210\">10oz, 12oz, 14oz et 16oz<\/strong>, le\u00a0<strong data-end=\"1265\" data-start=\"1247\">Titanium<\/strong>\u00a0est id\u00e9al pour l&rsquo;entra\u00eenement au sac, au gant et \u00e0 la technique, ainsi que pour le sparring mod\u00e9r\u00e9.<\/p>\n","protected":false},"excerpt":{"rendered":"<p>Gants de boxe Buddha en titane Les\u00a0gants Buddha Titanium\u00a0repr\u00e9sentent l&rsquo;expression ultime de l&rsquo;\u00e9l\u00e9gance, de la puissance et de la technologie dans un seul et m\u00eame design. Cette version associe un style sobre et professionnel \u00e0 la qualit\u00e9 technique qui caract\u00e9rise la nouvelle ligne Titanium, d\u00e9velopp\u00e9e \u00e0 partir de\u00a025 ans d&rsquo;exp\u00e9rience\u00a0dans les sports de contact. Fabriqu\u00e9es [&hellip;]<\/p>\n","protected":false},"featured_media":324,"template":"","meta":[],"product_brand":[],"product_cat":[45],"product_tag":[],"class_list":{"0":"post-45","1":"product","2":"type-product","3":"status-publish","4":"has-post-thumbnail","6":"product_cat-gants","8":"first","9":"instock","10":"sale","11":"virtual","12":"purchasable","13":"product-type-simple"},"_links":{"self":[{"href":"https:\/\/sitojinter.fr\/index.php\/wp-json\/wp\/v2\/product\/45","targetHints":{"allow":["GET"]}}],"collection":[{"href":"https:\/\/sitojinter.fr\/index.php\/wp-json\/wp\/v2\/product"}],"about":[{"href":"https:\/\/sitojinter.fr\/index.php\/wp-json\/wp\/v2\/types\/product"}],"wp:featuredmedia":[{"embeddable":true,"href":"https:\/\/sitojinter.fr\/index.php\/wp-json\/wp\/v2\/media\/324"}],"wp:attachment":[{"href":"https:\/\/sitojinter.fr\/index.php\/wp-json\/wp\/v2\/media?parent=45"}],"wp:term":[{"taxonomy":"product_brand","embeddable":true,"href":"https:\/\/sitojinter.fr\/index.php\/wp-json\/wp\/v2\/product_brand?post=45"},{"taxonomy":"product_cat","embeddable":true,"href":"https:\/\/sitojinter.fr\/index.php\/wp-json\/wp\/v2\/product_cat?post=45"},{"taxonomy":"product_tag","embeddable":true,"href":"https:\/\/sitojinter.fr\/index.php\/wp-json\/wp\/v2\/product_tag?post=45"}],"curies":[{"name":"wp","href":"https:\/\/api.w.org\/{rel}","templated":true}]}}