{"id":47,"date":"2017-01-06T12:39:53","date_gmt":"2017-01-06T12:39:53","guid":{"rendered":"https:\/\/wpthemes.themehunk.com\/oneline-lite\/?post_type=product&#038;p=47"},"modified":"2026-01-30T21:35:44","modified_gmt":"2026-01-30T19:35:44","slug":"round-neck-t-shirt","status":"publish","type":"product","link":"https:\/\/sitojinter.fr\/index.php\/produit\/round-neck-t-shirt\/","title":{"rendered":"Short muaythai paradise"},"content":{"rendered":"<p>Voici la nouvelle s\u00e9rie de pantalons Buddha Muay Thai Kick Boxing. EUROP\u00c9ENNECon\u00e7ue avec un motif europ\u00e9en standardis\u00e9, cette s\u00e9rie garantit une nouvelle coupe du short qui s&rsquo;adapte parfaitement \u00e0 la morphologie de chaque combattant et offre \u00e9galement une taille adapt\u00e9e aux nouvelles tendances.<\/p>\n<p>Coupe tha\u00eflandaise traditionnelle sp\u00e9cialement con\u00e7ue pour le Muay Thai, le Kick Boxing, le MMA et d&rsquo;autres sports de contact.<br \/>\nFabriqu\u00e9 en satin de haute qualit\u00e9.<br \/>\nLarge ceinture \u00e9lastique et ouvertures sp\u00e9ciales sur les c\u00f4t\u00e9s pour une meilleure libert\u00e9 de mouvement.<br \/>\nId\u00e9al pour l&rsquo;entra\u00eenement et la comp\u00e9tition.<br \/>\nBroderie tha\u00eflandaise, cousue \u00e0 la main pour plus de durabilit\u00e9 et de confort.<br \/>\nDesign r\u00e9tro durable et r\u00e9sistant, avec des coutures renforc\u00e9es et des d\u00e9tails de qualit\u00e9 sup\u00e9rieure.<br \/>\nLe pantalon Retro Muay Thai et Kick Boxing est l&rsquo;un des produits phares de notre marque Buddha.<br \/>\nCon\u00e7us il y a plus de 15 ans et inspir\u00e9s des camps d&rsquo;entra\u00eenement tha\u00eflandais, ils sont c\u00e9l\u00e8bres dans toute l&rsquo;Europe pour leur confort, leur qualit\u00e9, leur design et leur durabilit\u00e9.<\/p>\n<p>Ils sont particuli\u00e8rement recommand\u00e9s pour le Muay Thai, le Kick Boxing, le K1 et tous les sports de contact, \u00e0 la fois pour l&rsquo;entra\u00eenement et le combat.<\/p>\n<p>Nos combattants soulignent que ces shorts sont tr\u00e8s l\u00e9gers, bien ajust\u00e9s et extr\u00eamement confortables. Non seulement ils sont attrayants en termes de design et de prix, mais ils fonctionnent \u00e9galement tr\u00e8s bien, ce qui en fait l&rsquo;un des articles les plus populaires de cette saison.<\/p>\n","protected":false},"excerpt":{"rendered":"<p>Voici la nouvelle s\u00e9rie de pantalons Buddha Muay Thai Kick Boxing. EUROP\u00c9ENNECon\u00e7ue avec un motif europ\u00e9en standardis\u00e9, cette s\u00e9rie garantit une nouvelle coupe du short qui s&rsquo;adapte parfaitement \u00e0 la morphologie de chaque combattant et offre \u00e9galement une taille adapt\u00e9e aux nouvelles tendances. Coupe tha\u00eflandaise traditionnelle sp\u00e9cialement con\u00e7ue pour le Muay Thai, le Kick Boxing, [&hellip;]<\/p>\n","protected":false},"featured_media":318,"template":"","meta":[],"product_brand":[],"product_cat":[30],"product_tag":[],"class_list":{"0":"post-47","1":"product","2":"type-product","3":"status-publish","4":"has-post-thumbnail","6":"product_cat-shorts","8":"first","9":"instock","10":"sale","11":"virtual","12":"purchasable","13":"product-type-simple"},"_links":{"self":[{"href":"https:\/\/sitojinter.fr\/index.php\/wp-json\/wp\/v2\/product\/47","targetHints":{"allow":["GET"]}}],"collection":[{"href":"https:\/\/sitojinter.fr\/index.php\/wp-json\/wp\/v2\/product"}],"about":[{"href":"https:\/\/sitojinter.fr\/index.php\/wp-json\/wp\/v2\/types\/product"}],"wp:featuredmedia":[{"embeddable":true,"href":"https:\/\/sitojinter.fr\/index.php\/wp-json\/wp\/v2\/media\/318"}],"wp:attachment":[{"href":"https:\/\/sitojinter.fr\/index.php\/wp-json\/wp\/v2\/media?parent=47"}],"wp:term":[{"taxonomy":"product_brand","embeddable":true,"href":"https:\/\/sitojinter.fr\/index.php\/wp-json\/wp\/v2\/product_brand?post=47"},{"taxonomy":"product_cat","embeddable":true,"href":"https:\/\/sitojinter.fr\/index.php\/wp-json\/wp\/v2\/product_cat?post=47"},{"taxonomy":"product_tag","embeddable":true,"href":"https:\/\/sitojinter.fr\/index.php\/wp-json\/wp\/v2\/product_tag?post=47"}],"curies":[{"name":"wp","href":"https:\/\/api.w.org\/{rel}","templated":true}]}}